{"id":30,"date":"2021-12-29T11:16:50","date_gmt":"2021-12-29T14:16:50","guid":{"rendered":"http:\/\/edupedrao.com.br\/?page_id=30"},"modified":"2021-12-29T11:50:13","modified_gmt":"2021-12-29T14:50:13","slug":"edu-pedrao","status":"publish","type":"page","link":"http:\/\/edupedrao.com.br\/?page_id=30","title":{"rendered":"Edu Pedrao"},"content":{"rendered":"\t<section class=\"section\" id=\"section_430257829\">\n\t\t<div class=\"bg section-bg fill bg-fill  bg-loaded\" >\n\n\t\t\t\n\t\t\t\n\t\t\t\n\n\t\t<\/div><!-- .section-bg -->\n\n\t\t<div class=\"section-content relative\">\n\t\t\t\n<div class=\"row align-middle\"  id=\"row-1991199965\">\n<div class=\"col medium-5 small-12 large-5\"  ><div class=\"col-inner\"  >\n\n  <div class=\"banner has-hover\" id=\"banner-1099793598\">\n          <div class=\"banner-inner fill\">\n        <div class=\"banner-bg fill\" >\n            <div class=\"bg fill bg-fill \"><\/div>\n                                    \n                    <\/div><!-- bg-layers -->\n        <div class=\"banner-layers container\">\n            <div class=\"fill banner-link\"><\/div>            \n        <\/div><!-- .banner-layers -->\n      <\/div><!-- .banner-inner -->\n\n            \n<style scope=\"scope\">\n\n#banner-1099793598 {\n  padding-top: 400px;\n  background-color: rgb(255, 255, 255);\n}\n#banner-1099793598 .bg.bg-loaded {\n  background-image: url(http:\/\/edupedrao.com.br\/wp-content\/uploads\/2021\/12\/WhatsApp-Image-2021-12-17-at-15.06.15-3.jpeg);\n}\n\n\n@media (min-width:550px) {\n\n  #banner-1099793598 {\n    padding-top: 600px;\n  }\n\n}\n<\/style>\n  <\/div><!-- .banner -->\n\n\n<\/div><\/div>\n<div class=\"col medium-7 small-12 large-7\"  ><div class=\"col-inner\" style=\"padding:0px 0px 0px 10%;\" >\n<div class=\"gap-element\" style=\"display:block; height:auto; padding-top:30px\" class=\"clearfix\"><\/div>\n<h3>Edu Pedrao Marques<\/h3>\n<p><strong>S\u00f3cio fundador da XBTF.trade e Icia Invest. Edu \u00e9 Trader desde 2018 e tem como sua forma\u00e7\u00e3o Ci\u00eancia da computa\u00e7\u00e3o e Administra\u00e7\u00e3o na Funda\u00e7\u00e3o Get\u00falio Vargas.<\/strong><\/p>\n<p>Seu amplo conhecimento em opera\u00e7\u00f5es, trouxe novos desafios e tamb\u00e9m t\u00e9cnicas para se aprofundar em cases de Crypto.\u00a0<\/p>\n<p>Hoje Edu Pedrao aplica seu conhecimento de <strong>Dev Quant Strategy em Crypto<\/strong> para mentorias exclusivas para pessoa f\u00edsica.\u00a0<\/p>\n<p>Quer saber mais? Mande um e-mail para o Edu no bot\u00e3o abaixo.<\/p>\n<a rel=\"noopener noreferrer\" href=\"mailto:contato@edupedrao.com.br\" target=\"_blank\" class=\"button secondary\"  style=\"border-radius:5px;\">\n    <span>Entre em contato<\/span>\n  <\/a>\n\n<\/div><\/div>\n\n<style scope=\"scope\">\n\n<\/style>\n<\/div>\n\t\t<\/div><!-- .section-content -->\n\n\t\t\n<style scope=\"scope\">\n\n#section_430257829 {\n  padding-top: 30px;\n  padding-bottom: 30px;\n}\n<\/style>\n\t<\/section>\n\t\n","protected":false},"excerpt":{"rendered":"","protected":false},"author":1,"featured_media":0,"parent":0,"menu_order":0,"comment_status":"closed","ping_status":"open","template":"page-blank.php","meta":{"footnotes":""},"class_list":["post-30","page","type-page","status-publish","hentry"],"_links":{"self":[{"href":"http:\/\/edupedrao.com.br\/index.php?rest_route=\/wp\/v2\/pages\/30","targetHints":{"allow":["GET"]}}],"collection":[{"href":"http:\/\/edupedrao.com.br\/index.php?rest_route=\/wp\/v2\/pages"}],"about":[{"href":"http:\/\/edupedrao.com.br\/index.php?rest_route=\/wp\/v2\/types\/page"}],"author":[{"embeddable":true,"href":"http:\/\/edupedrao.com.br\/index.php?rest_route=\/wp\/v2\/users\/1"}],"replies":[{"embeddable":true,"href":"http:\/\/edupedrao.com.br\/index.php?rest_route=%2Fwp%2Fv2%2Fcomments&post=30"}],"version-history":[{"count":2,"href":"http:\/\/edupedrao.com.br\/index.php?rest_route=\/wp\/v2\/pages\/30\/revisions"}],"predecessor-version":[{"id":38,"href":"http:\/\/edupedrao.com.br\/index.php?rest_route=\/wp\/v2\/pages\/30\/revisions\/38"}],"wp:attachment":[{"href":"http:\/\/edupedrao.com.br\/index.php?rest_route=%2Fwp%2Fv2%2Fmedia&parent=30"}],"curies":[{"name":"wp","href":"https:\/\/api.w.org\/{rel}","templated":true}]}}